{"id":208503,"date":"2020-04-01T02:58:19","date_gmt":"2020-04-01T00:58:19","guid":{"rendered":"https:\/\/www.alberguemilpes.com\/?page_id=208503"},"modified":"2020-04-02T15:16:25","modified_gmt":"2020-04-02T13:16:25","slug":"cafeteria","status":"publish","type":"page","link":"https:\/\/www.alberguemilpes.com\/en\/cafeteria\/","title":{"rendered":"Caf\u00e9"},"content":{"rendered":"<p>[et_pb_section bb_built=&#8221;1&#8243; fullwidth=&#8221;on&#8221; specialty=&#8221;off&#8221; next_background_color=&#8221;#000000&#8243;][et_pb_fullwidth_slider show_arrows=&#8221;off&#8221; show_pagination=&#8221;off&#8221; parallax=&#8221;on&#8221; background_position=&#8221;top_left&#8221; show_image_video_mobile=&#8221;off&#8221; body_line_height=&#8221;2em&#8221; custom_button=&#8221;off&#8221; button_icon_placement=&#8221;right&#8221; custom_padding=&#8221;|||&#8221; show_content_on_mobile=&#8221;on&#8221; show_cta_on_mobile=&#8221;on&#8221; box_shadow_blur=&#8221;10px&#8221; box_shadow_color=&#8221;rgba(0,0,0,0.1)&#8221; _builder_version=&#8221;3.0.106&#8243; button_text_size__hover_enabled=&#8221;off&#8221; button_text_size__hover=&#8221;null&#8221; button_one_text_size__hover_enabled=&#8221;off&#8221; button_one_text_size__hover=&#8221;null&#8221; button_two_text_size__hover_enabled=&#8221;off&#8221; button_two_text_size__hover=&#8221;null&#8221; button_text_color__hover_enabled=&#8221;off&#8221; button_text_color__hover=&#8221;null&#8221; button_one_text_color__hover_enabled=&#8221;off&#8221; button_one_text_color__hover=&#8221;null&#8221; button_two_text_color__hover_enabled=&#8221;off&#8221; button_two_text_color__hover=&#8221;null&#8221; button_border_width__hover_enabled=&#8221;off&#8221; button_border_width__hover=&#8221;null&#8221; button_one_border_width__hover_enabled=&#8221;off&#8221; button_one_border_width__hover=&#8221;null&#8221; button_two_border_width__hover_enabled=&#8221;off&#8221; button_two_border_width__hover=&#8221;null&#8221; button_border_color__hover_enabled=&#8221;off&#8221; button_border_color__hover=&#8221;null&#8221; button_one_border_color__hover_enabled=&#8221;off&#8221; button_one_border_color__hover=&#8221;null&#8221; button_two_border_color__hover_enabled=&#8221;off&#8221; button_two_border_color__hover=&#8221;null&#8221; button_border_radius__hover_enabled=&#8221;off&#8221; button_border_radius__hover=&#8221;null&#8221; button_one_border_radius__hover_enabled=&#8221;off&#8221; button_one_border_radius__hover=&#8221;null&#8221; button_two_border_radius__hover_enabled=&#8221;off&#8221; button_two_border_radius__hover=&#8221;null&#8221; button_letter_spacing__hover_enabled=&#8221;off&#8221; button_letter_spacing__hover=&#8221;null&#8221; button_one_letter_spacing__hover_enabled=&#8221;off&#8221; button_one_letter_spacing__hover=&#8221;null&#8221; button_two_letter_spacing__hover_enabled=&#8221;off&#8221; button_two_letter_spacing__hover=&#8221;null&#8221; button_bg_color__hover_enabled=&#8221;off&#8221; button_bg_color__hover=&#8221;null&#8221; button_one_bg_color__hover_enabled=&#8221;off&#8221; button_one_bg_color__hover=&#8221;null&#8221; button_two_bg_color__hover_enabled=&#8221;off&#8221; button_two_bg_color__hover=&#8221;null&#8221;][et_pb_slide background_image=&#8221;https:\/\/www.alberguemilpes.com\/wp-content\/uploads\/2018\/04\/IMG_7326.jpg&#8221; background_color=&#8221;#ffffff&#8221; alignment=&#8221;center&#8221; background_layout=&#8221;dark&#8221; allow_player_pause=&#8221;off&#8221; heading=&#8221;Caf\u00e9 &#8211; Restaurant&#8221; background_position=&#8221;bottom_right&#8221; background_size=&#8221;cover&#8221; image_alt=&#8221;cafeteria-peregrinos-albergue-milpes&#8221; header_font_select=&#8221;default&#8221; body_font_select=&#8221;default&#8221; custom_button=&#8221;off&#8221; button_font_select=&#8221;default&#8221; button_use_icon=&#8221;on&#8221; button_on_hover=&#8221;on&#8221; _builder_version=&#8221;3.0.106&#8243; use_background_color_gradient=&#8221;off&#8221; background_color_gradient_start=&#8221;#2b87da&#8221; background_color_gradient_end=&#8221;#29c4a9&#8243; background_color_gradient_type=&#8221;linear&#8221; background_color_gradient_direction=&#8221;180deg&#8221; background_color_gradient_direction_radial=&#8221;center&#8221; background_color_gradient_start_position=&#8221;0%&#8221; background_color_gradient_end_position=&#8221;100%&#8221; background_color_gradient_overlays_image=&#8221;off&#8221; parallax=&#8221;off&#8221; parallax_method=&#8221;on&#8221; background_repeat=&#8221;no-repeat&#8221; background_blend=&#8221;normal&#8221; background_video_pause_outside_viewport=&#8221;on&#8221; use_bg_overlay=&#8221;off&#8221; use_text_overlay=&#8221;off&#8221; text_border_radius=&#8221;3&#8243; child_filter_hue_rotate=&#8221;0deg&#8221; child_filter_saturate=&#8221;100%&#8221; child_filter_brightness=&#8221;100%&#8221; child_filter_contrast=&#8221;100%&#8221; child_filter_invert=&#8221;0%&#8221; child_filter_sepia=&#8221;0%&#8221; child_filter_opacity=&#8221;100%&#8221; child_filter_blur=&#8221;0px&#8221; child_mix_blend_mode=&#8221;normal&#8221; text_shadow_style=&#8221;none&#8221; header_text_shadow_style=&#8221;none&#8221; body_text_shadow_style=&#8221;none&#8221; button_bg_use_color_gradient=&#8221;off&#8221; button_bg_color_gradient_overlays_image=&#8221;off&#8221; button_text_shadow_style=&#8221;none&#8221; box_shadow_style_button=&#8221;none&#8221; text_shadow_horizontal_length=&#8221;0em&#8221; text_shadow_vertical_length=&#8221;0em&#8221; text_shadow_blur_strength=&#8221;0em&#8221; header_text_shadow_horizontal_length=&#8221;0em&#8221; header_text_shadow_vertical_length=&#8221;0em&#8221; header_text_shadow_blur_strength=&#8221;0em&#8221; body_text_shadow_horizontal_length=&#8221;0em&#8221; body_text_shadow_vertical_length=&#8221;0em&#8221; body_text_shadow_blur_strength=&#8221;0em&#8221; button_text_shadow_horizontal_length=&#8221;0em&#8221; button_text_shadow_vertical_length=&#8221;0em&#8221; button_text_shadow_blur_strength=&#8221;0em&#8221; \/][\/et_pb_fullwidth_slider][\/et_pb_section][et_pb_section bb_built=&#8221;1&#8243; fullwidth=&#8221;off&#8221; specialty=&#8221;off&#8221; prev_background_color=&#8221;#000000&#8243;][et_pb_row][et_pb_column type=&#8221;4_4&#8243;][et_pb_cta admin_label=&#8221;CARTA&#8221; title=&#8221;Our letter&#8221; background_color=&#8221;#88c68a&#8221; body_line_height=&#8221;2em&#8221; use_border_color=&#8221;off&#8221; background_position=&#8221;top_left&#8221; background_repeat=&#8221;repeat&#8221; background_size=&#8221;initial&#8221; _builder_version=&#8221;3.7&#8243; custom_padding=&#8221;20px|10px|0px|10px&#8221; button_text_size__hover_enabled=&#8221;off&#8221; button_text_size__hover=&#8221;null&#8221; button_one_text_size__hover_enabled=&#8221;off&#8221; button_one_text_size__hover=&#8221;null&#8221; button_two_text_size__hover_enabled=&#8221;off&#8221; button_two_text_size__hover=&#8221;null&#8221; button_text_color__hover_enabled=&#8221;off&#8221; button_text_color__hover=&#8221;null&#8221; button_one_text_color__hover_enabled=&#8221;off&#8221; button_one_text_color__hover=&#8221;null&#8221; button_two_text_color__hover_enabled=&#8221;off&#8221; button_two_text_color__hover=&#8221;null&#8221; button_border_width__hover_enabled=&#8221;off&#8221; button_border_width__hover=&#8221;null&#8221; button_one_border_width__hover_enabled=&#8221;off&#8221; button_one_border_width__hover=&#8221;null&#8221; button_two_border_width__hover_enabled=&#8221;off&#8221; button_two_border_width__hover=&#8221;null&#8221; button_border_color__hover_enabled=&#8221;off&#8221; button_border_color__hover=&#8221;null&#8221; button_one_border_color__hover_enabled=&#8221;off&#8221; button_one_border_color__hover=&#8221;null&#8221; button_two_border_color__hover_enabled=&#8221;off&#8221; button_two_border_color__hover=&#8221;null&#8221; button_border_radius__hover_enabled=&#8221;off&#8221; button_border_radius__hover=&#8221;null&#8221; button_one_border_radius__hover_enabled=&#8221;off&#8221; button_one_border_radius__hover=&#8221;null&#8221; button_two_border_radius__hover_enabled=&#8221;off&#8221; button_two_border_radius__hover=&#8221;null&#8221; button_letter_spacing__hover_enabled=&#8221;off&#8221; button_letter_spacing__hover=&#8221;null&#8221; button_one_letter_spacing__hover_enabled=&#8221;off&#8221; button_one_letter_spacing__hover=&#8221;null&#8221; button_two_letter_spacing__hover_enabled=&#8221;off&#8221; button_two_letter_spacing__hover=&#8221;null&#8221; button_bg_color__hover_enabled=&#8221;off&#8221; button_bg_color__hover=&#8221;null&#8221; button_one_bg_color__hover_enabled=&#8221;off&#8221; button_one_bg_color__hover=&#8221;null&#8221; button_two_bg_color__hover_enabled=&#8221;off&#8221; button_two_bg_color__hover=&#8221;null&#8221;]<\/p>\n<h1>In our cafeteria you can eat:<\/h1>\n<p>[\/et_pb_cta][\/et_pb_column][\/et_pb_row][et_pb_row][et_pb_column type=&#8221;4_4&#8243;][et_pb_text admin_label=&#8221;Texto BOCATAS&#8221; background_layout=&#8221;light&#8221; text_orientation=&#8221;left&#8221; background_position=&#8221;top_left&#8221; background_repeat=&#8221;repeat&#8221; background_size=&#8221;initial&#8221;]<\/p>\n<h4>HOT SNACKS &#8211; SANDWICHES<\/h4>\n<p>[\/et_pb_text][et_pb_image admin_label=&#8221;CARTA01&#8243; src=&#8221;https:\/\/www.alberguemilpes.com\/wp-content\/uploads\/2015\/05\/CARTA01.png&#8221; show_in_lightbox=&#8221;on&#8221; url_new_window=&#8221;off&#8221; animation=&#8221;off&#8221; sticky=&#8221;off&#8221; alt=&#8221;CARTA-CAFETERIA-HOT SNACKS &#8211; SANDWICHES&#8221; align=&#8221;left&#8221; force_fullwidth=&#8221;off&#8221; always_center_on_mobile=&#8221;on&#8221; use_border_color=&#8221;off&#8221; border_color=&#8221;#ffffff&#8221; border_style=&#8221;solid&#8221; animation_style=&#8221;none&#8221; animation_duration=&#8221;1000ms&#8221; animation_intensity_slide=&#8221;50%&#8221; show_bottom_space=&#8221;on&#8221; \/][\/et_pb_column][\/et_pb_row][et_pb_row][et_pb_column type=&#8221;4_4&#8243;][et_pb_text admin_label=&#8221;Texto PLATOS&#8221; background_layout=&#8221;light&#8221; text_orientation=&#8221;left&#8221; background_position=&#8221;top_left&#8221; background_repeat=&#8221;repeat&#8221; background_size=&#8221;initial&#8221;]<\/p>\n<h4>COMBINED DISHES &#8211; MIXED &#8211; SALADS &#8211; RATIONS &#8211; HAMBURGERS<\/h4>\n<p>[\/et_pb_text][et_pb_image admin_label=&#8221;CARTA02&#8243; src=&#8221;https:\/\/www.alberguemilpes.com\/wp-content\/uploads\/2015\/05\/CARTA02.png&#8221; show_in_lightbox=&#8221;on&#8221; url_new_window=&#8221;off&#8221; animation=&#8221;off&#8221; sticky=&#8221;off&#8221; alt=&#8221;LETTER-CAFETERIA-COMBINED DISHES &#8211; REVOLTED &#8211; SALADS &#8211; RATIONS &#8211; HAMBURGERS&#8221; align=&#8221;left&#8221; force_fullwidth=&#8221;off&#8221; always_center_on_mobile=&#8221;on&#8221; use_border_color=&#8221;off&#8221; border_color=&#8221;#ffffff&#8221; border_style=&#8221;solid&#8221; animation_style=&#8221;none&#8221; animation_duration=&#8221;1000ms&#8221; animation_intensity_slide=&#8221;50%&#8221; show_bottom_space=&#8221;on&#8221; \/][\/et_pb_column][\/et_pb_row][\/et_pb_section][et_pb_section bb_built=&#8221;1&#8243; _builder_version=&#8221;3.0.106&#8243; custom_margin=&#8221;0px||0px|&#8221; bottom_divider_style=&#8221;slant2&#8243; bottom_divider_color=&#8221;#88c68a&#8221; bottom_divider_height=&#8221;250px&#8221; bottom_divider_flip=&#8221;horizontal|vertical&#8221; prev_background_color=&#8221;#000000&#8243; global_module=&#8221;207377&#8243;][et_pb_row global_parent=&#8221;207377&#8243; padding_bottom_1=&#8221;0px&#8221; padding_bottom_2=&#8221;0px&#8221; padding_bottom_3=&#8221;0px&#8221; padding_bottom_4=&#8221;0px&#8221; _builder_version=&#8221;3.0.106&#8243; background_size=&#8221;initial&#8221; background_position=&#8221;top_left&#8221; background_repeat=&#8221;repeat&#8221; custom_margin=&#8221;0px||0px|&#8221; custom_padding=&#8221;0px||0px|&#8221;][et_pb_column type=&#8221;1_4&#8243;][et_pb_cta admin_label=&#8221;paraiso&#8221; global_parent=&#8221;207377&#8243; background_color=&#8221;rgba(255,255,255,0)&#8221; _builder_version=&#8221;3.0.106&#8243; body_line_height=&#8221;2em&#8221; background_size=&#8221;initial&#8221; background_position=&#8221;top_left&#8221; background_repeat=&#8221;repeat&#8221; text_orientation=&#8221;left&#8221; custom_padding=&#8221;0px||0px|&#8221; use_border_color=&#8221;off&#8221; custom_margin=&#8221;0px||0px|&#8221; button_text_size__hover_enabled=&#8221;off&#8221; button_text_size__hover=&#8221;null&#8221; button_one_text_size__hover_enabled=&#8221;off&#8221; button_one_text_size__hover=&#8221;null&#8221; button_two_text_size__hover_enabled=&#8221;off&#8221; button_two_text_size__hover=&#8221;null&#8221; button_text_color__hover_enabled=&#8221;off&#8221; button_text_color__hover=&#8221;null&#8221; button_one_text_color__hover_enabled=&#8221;off&#8221; button_one_text_color__hover=&#8221;null&#8221; button_two_text_color__hover_enabled=&#8221;off&#8221; button_two_text_color__hover=&#8221;null&#8221; button_border_width__hover_enabled=&#8221;off&#8221; button_border_width__hover=&#8221;null&#8221; button_one_border_width__hover_enabled=&#8221;off&#8221; button_one_border_width__hover=&#8221;null&#8221; button_two_border_width__hover_enabled=&#8221;off&#8221; button_two_border_width__hover=&#8221;null&#8221; button_border_color__hover_enabled=&#8221;off&#8221; button_border_color__hover=&#8221;null&#8221; button_one_border_color__hover_enabled=&#8221;off&#8221; button_one_border_color__hover=&#8221;null&#8221; button_two_border_color__hover_enabled=&#8221;off&#8221; button_two_border_color__hover=&#8221;null&#8221; button_border_radius__hover_enabled=&#8221;off&#8221; button_border_radius__hover=&#8221;null&#8221; button_one_border_radius__hover_enabled=&#8221;off&#8221; button_one_border_radius__hover=&#8221;null&#8221; button_two_border_radius__hover_enabled=&#8221;off&#8221; button_two_border_radius__hover=&#8221;null&#8221; button_letter_spacing__hover_enabled=&#8221;off&#8221; button_letter_spacing__hover=&#8221;null&#8221; button_one_letter_spacing__hover_enabled=&#8221;off&#8221; button_one_letter_spacing__hover=&#8221;null&#8221; button_two_letter_spacing__hover_enabled=&#8221;off&#8221; button_two_letter_spacing__hover=&#8221;null&#8221; button_bg_color__hover_enabled=&#8221;off&#8221; button_bg_color__hover=&#8221;null&#8221; button_one_bg_color__hover_enabled=&#8221;off&#8221; button_one_bg_color__hover=&#8221;null&#8221; button_two_bg_color__hover_enabled=&#8221;off&#8221; button_two_bg_color__hover=&#8221;null&#8221;]<\/p>\n<p><img loading=\"lazy\" decoding=\"async\" class=\"aligncenter wp-image-685\" title=\"Albergue-peregrinos-arz\u00faa-Milpes\" src=\"https:\/\/www.alberguemilpes.com\/wp-content\/uploads\/2015\/05\/para\u00edso-300x142.png\" alt=\"Albergue-peregrinos-arz\u00faa-Milpes\" width=\"300\" height=\"142\" srcset=\"https:\/\/www.alberguemilpes.com\/wp-content\/uploads\/2015\/05\/para\u00edso-300x142.png 300w, https:\/\/www.alberguemilpes.com\/wp-content\/uploads\/2015\/05\/para\u00edso-1024x486.png 1024w, https:\/\/www.alberguemilpes.com\/wp-content\/uploads\/2015\/05\/para\u00edso-768x364.png 768w, https:\/\/www.alberguemilpes.com\/wp-content\/uploads\/2015\/05\/para\u00edso-1536x728.png 1536w, https:\/\/www.alberguemilpes.com\/wp-content\/uploads\/2015\/05\/para\u00edso-2048x971.png 2048w, https:\/\/www.alberguemilpes.com\/wp-content\/uploads\/2015\/05\/para\u00edso-610x289.png 610w, https:\/\/www.alberguemilpes.com\/wp-content\/uploads\/2015\/05\/para\u00edso-1080x512.png 1080w, https:\/\/www.alberguemilpes.com\/wp-content\/uploads\/2015\/05\/para\u00edso-1280x607.png 1280w, https:\/\/www.alberguemilpes.com\/wp-content\/uploads\/2015\/05\/para\u00edso-980x465.png 980w, https:\/\/www.alberguemilpes.com\/wp-content\/uploads\/2015\/05\/para\u00edso-480x228.png 480w, https:\/\/www.alberguemilpes.com\/wp-content\/uploads\/2015\/05\/para\u00edso-20x9.png 20w\" sizes=\"(max-width: 300px) 100vw, 300px\" \/><\/p>\n<p>&nbsp;<\/p>\n<p>[\/et_pb_cta][\/et_pb_column][et_pb_column type=&#8221;1_4&#8243;][et_pb_text admin_label=&#8221;face&#8221; global_parent=&#8221;207377&#8243; _builder_version=&#8221;3.0.106&#8243; text_line_height=&#8221;2em&#8221; text_orientation=&#8221;center&#8221; module_alignment=&#8221;center&#8221; custom_margin=&#8221;0px||0px|&#8221; custom_padding=&#8221;0px||0px|&#8221;]<\/p>\n<h5 style=\"text-align: center;\">Follow us!<\/h5>\n<p><a href=\"https:\/\/www.facebook.com\/alberguemilpesribadiso\/\" target=\"_blank\" rel=\"noopener noreferrer\"><img loading=\"lazy\" decoding=\"async\" class=\"aligncenter wp-image-617\" title=\"https:\/\/www.facebook.com\/alberguemilpesribadiso\/\" src=\"https:\/\/www.alberguemilpes.com\/wp-content\/uploads\/2015\/05\/face.png\" alt=\"facebook-Albergue-peregrinos-arz\u00faa-Milpes\" width=\"100\" height=\"94\" srcset=\"https:\/\/www.alberguemilpes.com\/wp-content\/uploads\/2015\/05\/face.png 150w, https:\/\/www.alberguemilpes.com\/wp-content\/uploads\/2015\/05\/face-20x20.png 20w\" sizes=\"(max-width: 100px) 100vw, 100px\" \/><\/a><\/p>\n<p>&nbsp;<\/p>\n<p>[\/et_pb_text][\/et_pb_column][et_pb_column type=&#8221;1_4&#8243;][et_pb_text admin_label=&#8221;google+&#8221; global_parent=&#8221;207377&#8243; _builder_version=&#8221;3.0.106&#8243; text_line_height=&#8221;2em&#8221; background_size=&#8221;initial&#8221; background_position=&#8221;top_left&#8221; background_repeat=&#8221;repeat&#8221; text_orientation=&#8221;center&#8221; module_alignment=&#8221;center&#8221; custom_margin=&#8221;0px||0px|&#8221; custom_padding=&#8221;0px||0px|&#8221; use_border_color=&#8221;off&#8221;]<\/p>\n<h5 style=\"text-align: center;\">\u00a1B\u00fascanos!<\/h5>\n<p style=\"text-align: center;\"><a href=\"https:\/\/plus.google.com\/103221090194355741144\/about\" target=\"_blank\" rel=\"noopener noreferrer\"><img loading=\"lazy\" decoding=\"async\" class=\"alignnone wp-image-618\" title=\"google-Albergue-peregrinos-arz\u00faa-Milpes\" src=\"https:\/\/www.alberguemilpes.com\/wp-content\/uploads\/2015\/05\/google.png\" alt=\"google-Albergue-peregrinos-arz\u00faa-Milpes\" width=\"100\" height=\"94\" srcset=\"https:\/\/www.alberguemilpes.com\/wp-content\/uploads\/2015\/05\/google.png 150w, https:\/\/www.alberguemilpes.com\/wp-content\/uploads\/2015\/05\/google-20x20.png 20w\" sizes=\"(max-width: 100px) 100vw, 100px\" \/><\/a><\/p>\n<p>&nbsp;<\/p>\n<p>[\/et_pb_text][\/et_pb_column][et_pb_column type=&#8221;1_4&#8243;][et_pb_sidebar admin_label=&#8221;FOOTER&#8221; global_parent=&#8221;207377&#8243; area=&#8221;et_pb_widget_area_1&#8243; show_border=&#8221;off&#8221; _builder_version=&#8221;3.0.106&#8243; custom_margin=&#8221;0px||0px|&#8221; custom_padding=&#8221;0px||0px|&#8221; orientation=&#8221;left&#8221; background_layout=&#8221;light&#8221;]<\/p>\n<p>\u00a0<\/p>\n<p>[\/et_pb_sidebar][\/et_pb_column][\/et_pb_row][\/et_pb_section]<\/p>\n","protected":false},"excerpt":{"rendered":"<p><div class=\"et_pb_row et_pb_row_0 et_pb_row_empty\">\n\t\t\t\t\n\t\t\t\t\n\t\t\t\t\n\t\t\t\t\n\t\t\t\t\n\t\t\t<\/div> In our cafeteria you can eat: <div class=\"et_pb_row et_pb_row_1 et_pb_row_empty\">\n\t\t\t\t\n\t\t\t\t\n\t\t\t\t\n\t\t\t\t\n\t\t\t\t\n\t\t\t<\/div> HOT SNACKS &#8211; SANDWICHES <div class=\"et_pb_row et_pb_row_2 et_pb_row_empty\">\n\t\t\t\t\n\t\t\t\t\n\t\t\t\t\n\t\t\t\t\n\t\t\t\t\n\t\t\t<\/div> COMBINED DISHES &#8211; MIXED &#8211; SALADS &#8211; RATIONS &#8211; HAMBURGERS &nbsp; Follow us! &nbsp; \u00a1B\u00fascanos! &nbsp; \u00a0<\/p>\n","protected":false},"author":7,"featured_media":0,"parent":0,"menu_order":0,"comment_status":"open","ping_status":"open","template":"","meta":{"_et_pb_use_builder":"on","_et_pb_old_content":"","_et_gb_content_width":"","footnotes":""},"yoast_head":"<!-- This site is optimized with the Yoast SEO plugin v22.5 - https:\/\/yoast.com\/wordpress\/plugins\/seo\/ -->\n<title>Meet the Caf\u00e9-Restaurant of our Albergue Milp\u00e9s<\/title>\n<meta name=\"description\" content=\"At the Albergue Milp\u00e9s we have a cafeteria service where pilgrims who visit us have the opportunity to recharge.\" \/>\n<meta name=\"robots\" content=\"index, follow, max-snippet:-1, max-image-preview:large, max-video-preview:-1\" \/>\n<link rel=\"canonical\" href=\"https:\/\/www.alberguemilpes.com\/en\/cafeteria\/\" \/>\n<meta property=\"og:locale\" content=\"en_US\" \/>\n<meta property=\"og:type\" content=\"article\" \/>\n<meta property=\"og:title\" content=\"Meet the Caf\u00e9-Restaurant of our Albergue Milp\u00e9s\" \/>\n<meta property=\"og:description\" content=\"At the Albergue Milp\u00e9s we have a cafeteria service where pilgrims who visit us have the opportunity to recharge.\" \/>\n<meta property=\"og:url\" content=\"https:\/\/www.alberguemilpes.com\/en\/cafeteria\/\" \/>\n<meta property=\"og:site_name\" content=\"Albergue Milp\u00e9s\" \/>\n<meta property=\"article:publisher\" content=\"https:\/\/www.facebook.com\/alberguemilpesribadiso\/?fref=ts\" \/>\n<meta property=\"article:modified_time\" content=\"2020-04-02T13:16:25+00:00\" \/>\n<meta property=\"og:image\" content=\"https:\/\/www.alberguemilpes.com\/wp-content\/uploads\/2015\/05\/para\u00edso-300x142.png\" \/>\n<meta name=\"twitter:card\" content=\"summary_large_image\" \/>\n<meta name=\"twitter:label1\" content=\"Est. reading time\" \/>\n\t<meta name=\"twitter:data1\" content=\"9 minutes\" \/>\n<script type=\"application\/ld+json\" class=\"yoast-schema-graph\">{\"@context\":\"https:\/\/schema.org\",\"@graph\":[{\"@type\":\"WebPage\",\"@id\":\"https:\/\/www.alberguemilpes.com\/en\/cafeteria\/\",\"url\":\"https:\/\/www.alberguemilpes.com\/en\/cafeteria\/\",\"name\":\"Meet the Caf\u00e9-Restaurant of our Albergue Milp\u00e9s\",\"isPartOf\":{\"@id\":\"https:\/\/www.alberguemilpes.com\/en\/#website\"},\"primaryImageOfPage\":{\"@id\":\"https:\/\/www.alberguemilpes.com\/en\/cafeteria\/#primaryimage\"},\"image\":{\"@id\":\"https:\/\/www.alberguemilpes.com\/en\/cafeteria\/#primaryimage\"},\"thumbnailUrl\":\"https:\/\/www.alberguemilpes.com\/wp-content\/uploads\/2015\/05\/face.png\",\"datePublished\":\"2020-04-01T00:58:19+00:00\",\"dateModified\":\"2020-04-02T13:16:25+00:00\",\"description\":\"At the Albergue Milp\u00e9s we have a cafeteria service where pilgrims who visit us have the opportunity to recharge.\",\"breadcrumb\":{\"@id\":\"https:\/\/www.alberguemilpes.com\/en\/cafeteria\/#breadcrumb\"},\"inLanguage\":\"en-US\",\"potentialAction\":[{\"@type\":\"ReadAction\",\"target\":[\"https:\/\/www.alberguemilpes.com\/en\/cafeteria\/\"]}]},{\"@type\":\"ImageObject\",\"inLanguage\":\"en-US\",\"@id\":\"https:\/\/www.alberguemilpes.com\/en\/cafeteria\/#primaryimage\",\"url\":\"https:\/\/www.alberguemilpes.com\/wp-content\/uploads\/2015\/05\/face.png\",\"contentUrl\":\"https:\/\/www.alberguemilpes.com\/wp-content\/uploads\/2015\/05\/face.png\"},{\"@type\":\"BreadcrumbList\",\"@id\":\"https:\/\/www.alberguemilpes.com\/en\/cafeteria\/#breadcrumb\",\"itemListElement\":[{\"@type\":\"ListItem\",\"position\":1,\"name\":\"Portada\",\"item\":\"https:\/\/www.alberguemilpes.com\/en\/\"},{\"@type\":\"ListItem\",\"position\":2,\"name\":\"Caf\u00e9\"}]},{\"@type\":\"WebSite\",\"@id\":\"https:\/\/www.alberguemilpes.com\/en\/#website\",\"url\":\"https:\/\/www.alberguemilpes.com\/en\/\",\"name\":\"Albergue Milp\u00e9s\",\"description\":\"Albergue Milp\u00e9s\",\"potentialAction\":[{\"@type\":\"SearchAction\",\"target\":{\"@type\":\"EntryPoint\",\"urlTemplate\":\"https:\/\/www.alberguemilpes.com\/en\/?s={search_term_string}\"},\"query-input\":\"required name=search_term_string\"}],\"inLanguage\":\"en-US\"}]}<\/script>\n<!-- \/ Yoast SEO plugin. -->","yoast_head_json":{"title":"Meet the Caf\u00e9-Restaurant of our Albergue Milp\u00e9s","description":"At the Albergue Milp\u00e9s we have a cafeteria service where pilgrims who visit us have the opportunity to recharge.","robots":{"index":"index","follow":"follow","max-snippet":"max-snippet:-1","max-image-preview":"max-image-preview:large","max-video-preview":"max-video-preview:-1"},"canonical":"https:\/\/www.alberguemilpes.com\/en\/cafeteria\/","og_locale":"en_US","og_type":"article","og_title":"Meet the Caf\u00e9-Restaurant of our Albergue Milp\u00e9s","og_description":"At the Albergue Milp\u00e9s we have a cafeteria service where pilgrims who visit us have the opportunity to recharge.","og_url":"https:\/\/www.alberguemilpes.com\/en\/cafeteria\/","og_site_name":"Albergue Milp\u00e9s","article_publisher":"https:\/\/www.facebook.com\/alberguemilpesribadiso\/?fref=ts","article_modified_time":"2020-04-02T13:16:25+00:00","og_image":[{"url":"https:\/\/www.alberguemilpes.com\/wp-content\/uploads\/2015\/05\/para\u00edso-300x142.png"}],"twitter_card":"summary_large_image","twitter_misc":{"Est. reading time":"9 minutes"},"schema":{"@context":"https:\/\/schema.org","@graph":[{"@type":"WebPage","@id":"https:\/\/www.alberguemilpes.com\/en\/cafeteria\/","url":"https:\/\/www.alberguemilpes.com\/en\/cafeteria\/","name":"Meet the Caf\u00e9-Restaurant of our Albergue Milp\u00e9s","isPartOf":{"@id":"https:\/\/www.alberguemilpes.com\/en\/#website"},"primaryImageOfPage":{"@id":"https:\/\/www.alberguemilpes.com\/en\/cafeteria\/#primaryimage"},"image":{"@id":"https:\/\/www.alberguemilpes.com\/en\/cafeteria\/#primaryimage"},"thumbnailUrl":"https:\/\/www.alberguemilpes.com\/wp-content\/uploads\/2015\/05\/face.png","datePublished":"2020-04-01T00:58:19+00:00","dateModified":"2020-04-02T13:16:25+00:00","description":"At the Albergue Milp\u00e9s we have a cafeteria service where pilgrims who visit us have the opportunity to recharge.","breadcrumb":{"@id":"https:\/\/www.alberguemilpes.com\/en\/cafeteria\/#breadcrumb"},"inLanguage":"en-US","potentialAction":[{"@type":"ReadAction","target":["https:\/\/www.alberguemilpes.com\/en\/cafeteria\/"]}]},{"@type":"ImageObject","inLanguage":"en-US","@id":"https:\/\/www.alberguemilpes.com\/en\/cafeteria\/#primaryimage","url":"https:\/\/www.alberguemilpes.com\/wp-content\/uploads\/2015\/05\/face.png","contentUrl":"https:\/\/www.alberguemilpes.com\/wp-content\/uploads\/2015\/05\/face.png"},{"@type":"BreadcrumbList","@id":"https:\/\/www.alberguemilpes.com\/en\/cafeteria\/#breadcrumb","itemListElement":[{"@type":"ListItem","position":1,"name":"Portada","item":"https:\/\/www.alberguemilpes.com\/en\/"},{"@type":"ListItem","position":2,"name":"Caf\u00e9"}]},{"@type":"WebSite","@id":"https:\/\/www.alberguemilpes.com\/en\/#website","url":"https:\/\/www.alberguemilpes.com\/en\/","name":"Albergue Milp\u00e9s","description":"Albergue Milp\u00e9s","potentialAction":[{"@type":"SearchAction","target":{"@type":"EntryPoint","urlTemplate":"https:\/\/www.alberguemilpes.com\/en\/?s={search_term_string}"},"query-input":"required name=search_term_string"}],"inLanguage":"en-US"}]}},"_links":{"self":[{"href":"https:\/\/www.alberguemilpes.com\/en\/wp-json\/wp\/v2\/pages\/208503"}],"collection":[{"href":"https:\/\/www.alberguemilpes.com\/en\/wp-json\/wp\/v2\/pages"}],"about":[{"href":"https:\/\/www.alberguemilpes.com\/en\/wp-json\/wp\/v2\/types\/page"}],"author":[{"embeddable":true,"href":"https:\/\/www.alberguemilpes.com\/en\/wp-json\/wp\/v2\/users\/7"}],"replies":[{"embeddable":true,"href":"https:\/\/www.alberguemilpes.com\/en\/wp-json\/wp\/v2\/comments?post=208503"}],"version-history":[{"count":5,"href":"https:\/\/www.alberguemilpes.com\/en\/wp-json\/wp\/v2\/pages\/208503\/revisions"}],"predecessor-version":[{"id":209064,"href":"https:\/\/www.alberguemilpes.com\/en\/wp-json\/wp\/v2\/pages\/208503\/revisions\/209064"}],"wp:attachment":[{"href":"https:\/\/www.alberguemilpes.com\/en\/wp-json\/wp\/v2\/media?parent=208503"}],"curies":[{"name":"wp","href":"https:\/\/api.w.org\/{rel}","templated":true}]}}